{"id":6289,"date":"2023-10-16T15:20:13","date_gmt":"2023-10-16T13:20:13","guid":{"rendered":"https:\/\/martapino.com\/sworn-translator\/"},"modified":"2024-05-13T13:16:55","modified_gmt":"2024-05-13T11:16:55","slug":"sworn-translator","status":"publish","type":"page","link":"https:\/\/martapino.com\/es\/sworn-translator\/","title":{"rendered":"Traducci\u00f3n jurada"},"content":{"rendered":"<p>[et_pb_section fb_built=\u00bb1&#8243; custom_padding_last_edited=\u00bbon|phone\u00bb _builder_version=\u00bb4.22.2&#8243; _module_preset=\u00bbdefault\u00bb background_enable_pattern_style=\u00bbon\u00bb background_pattern_style=\u00bbdiagonal-stripes-2&#8243; background_pattern_color=\u00bbrgba(84,86,90,0.05)\u00bb custom_padding=\u00bb40px||40px||true|false\u00bb custom_padding_tablet=\u00bb40px||40px||true|false\u00bb custom_padding_phone=\u00bb20px||20px||true|false\u00bb saved_tabs=\u00bball\u00bb global_colors_info=\u00bb{}\u00bb][et_pb_row _builder_version=\u00bb4.22.2&#8243; _module_preset=\u00bbdefault\u00bb global_colors_info=\u00bb{}\u00bb][et_pb_column type=\u00bb4_4&#8243; _builder_version=\u00bb4.22.2&#8243; _module_preset=\u00bbdefault\u00bb global_colors_info=\u00bb{}\u00bb][et_pb_post_title meta=\u00bboff\u00bb featured_image=\u00bboff\u00bb _builder_version=\u00bb4.22.2&#8243; _module_preset=\u00bbdefault\u00bb title_font=\u00bb||||||||\u00bb title_text_align=\u00bbcenter\u00bb title_text_color=\u00bb#0099A8&#8243; title_font_size=\u00bb62px\u00bb title_line_height=\u00bb1.2em\u00bb custom_margin=\u00bb||0px||false|false\u00bb custom_padding=\u00bb||15px||false|false\u00bb title_font_size_tablet=\u00bb52px\u00bb title_font_size_phone=\u00bb38px\u00bb title_font_size_last_edited=\u00bbon|phone\u00bb global_colors_info=\u00bb{}\u00bb][\/et_pb_post_title][et_pb_divider color=\u00bb#54565A\u00bb _builder_version=\u00bb4.22.2&#8243; _module_preset=\u00bbdefault\u00bb width=\u00bb100px\u00bb module_alignment=\u00bbcenter\u00bb global_colors_info=\u00bb{}\u00bb][\/et_pb_divider][\/et_pb_column][\/et_pb_row][\/et_pb_section][et_pb_section fb_built=\u00bb1&#8243; _builder_version=\u00bb4.22.2&#8243; _module_preset=\u00bbdefault\u00bb global_colors_info=\u00bb{}\u00bb][et_pb_row column_structure=\u00bb1_2,1_2&#8243; _builder_version=\u00bb4.22.2&#8243; _module_preset=\u00bbdefault\u00bb global_colors_info=\u00bb{}\u00bb][et_pb_column type=\u00bb1_2&#8243; _builder_version=\u00bb4.22.2&#8243; _module_preset=\u00bbdefault\u00bb global_colors_info=\u00bb{}\u00bb][et_pb_text _builder_version=\u00bb4.22.2&#8243; _module_preset=\u00bbdefault\u00bb text_font=\u00bb|300|||||||\u00bb hover_enabled=\u00bb0&#8243; global_colors_info=\u00bb{}\u00bb sticky_enabled=\u00bb0&#8243;]<\/p>\n<p>Marta Pino es traductora jurada nombrada por el Ministerio de Asuntos Exteriores y de Cooperaci\u00f3n de Espa\u00f1a en 2007.<\/p>\n<p>Desde entonces ha realizado cientos de miles de proyectos de traducci\u00f3n jurada oficial de documentos destinados a personas f\u00edsicas y jur\u00eddicas (certificados, escrituras, actas, contratos, informes de auditor\u00eda, cuentas anuales, declaraciones juradas, etc.). Presta un servicio r\u00e1pido de traducci\u00f3n alta calidad con entrega a domicilio en Espa\u00f1a o en otros pa\u00edses.<\/p>\n<p>Adem\u00e1s, ofrece servicios de legalizaci\u00f3n de traducciones juradas y de documentos originales, uno de los pasos m\u00e1s importantes para el proceso de internacionalizaci\u00f3n de las empresas.<\/p>\n<p>[\/et_pb_text][et_pb_accordion _builder_version=\u00bb4.22.2&#8243; _module_preset=\u00bbdefault\u00bb hover_enabled=\u00bb0&#8243; sticky_enabled=\u00bb0&#8243;][et_pb_accordion_item _builder_version=\u00bb4.22.2&#8243; _module_preset=\u00bbdefault\u00bb title=\u00bbEspecialidades\u00bb hover_enabled=\u00bb0&#8243; sticky_enabled=\u00bb0&#8243;]<\/p>\n<ul class=\"columns-sm-2 columns-md-3\">\n<li>Derecho<\/li>\n<li>Finanzas<\/li>\n<li>Contabilidad<\/li>\n<li>Tributaci\u00f3n y aduanas<\/li>\n<li>Empresa<\/li>\n<li>Inmobiliaria<\/li>\n<li>Banca<\/li>\n<li>Comercio<\/li>\n<li>Registro civil<\/li>\n<li>Registro de penados<\/li>\n<li>Educaci\u00f3n<\/li>\n<li>Seguros<\/li>\n<\/ul>\n<p>[\/et_pb_accordion_item][et_pb_accordion_item _builder_version=\u00bb4.22.2&#8243; _module_preset=\u00bbdefault\u00bb title=\u00bbTipos de documento\u00bb hover_enabled=\u00bb0&#8243; sticky_enabled=\u00bb0&#8243;]<\/p>\n<ul class=\"columns-sm-2 columns-md-3\">\n<li>Contratos, acuerdos<\/li>\n<li>Escrituras<\/li>\n<li>Estados<\/li>\n<li>Declaraciones juradas<\/li>\n<li>Informes<\/li>\n<li>T\u00edtulos<\/li>\n<li>Certificados acad\u00e9micos<\/li>\n<li>Sentencias<\/li>\n<li>Estatutos<\/li>\n<li>Actas<\/li>\n<li>Licitaciones<\/li>\n<li>Leyes. c\u00f3digos, instrumentos jur\u00eddicos<\/li>\n<li>Informes de auditor\u00eda<\/li>\n<li>Pol\u00edticas<\/li>\n<\/ul>\n<p>[\/et_pb_accordion_item][\/et_pb_accordion][\/et_pb_column][et_pb_column type=\u00bb1_2&#8243; _builder_version=\u00bb4.22.2&#8243; _module_preset=\u00bbdefault\u00bb global_colors_info=\u00bb{}\u00bb][et_pb_image src=\u00bbhttps:\/\/martapino.com\/wp-content\/uploads\/2023\/11\/sword-translation.gif\u00bb alt=\u00bbSworn Translator\u00bb title_text=\u00bbSworn Translator\u00bb _builder_version=\u00bb4.22.2&#8243; _module_preset=\u00bbdefault\u00bb global_colors_info=\u00bb{}\u00bb][\/et_pb_image][\/et_pb_column][\/et_pb_row][\/et_pb_section]<\/p>\n","protected":false},"excerpt":{"rendered":"<p>Marta Pino es traductora jurada nombrada por el Ministerio de Asuntos Exteriores y de Cooperaci\u00f3n de Espa\u00f1a en 2007. Desde entonces ha realizado cientos de miles de proyectos de traducci\u00f3n jurada oficial de documentos destinados a personas f\u00edsicas y jur\u00eddicas (certificados, escrituras, actas, contratos, informes de auditor\u00eda, cuentas anuales, declaraciones juradas, etc.). Presta un servicio [&hellip;]<\/p>\n","protected":false},"author":1,"featured_media":0,"parent":0,"menu_order":0,"comment_status":"closed","ping_status":"closed","template":"","meta":{"_et_pb_use_builder":"on","_et_pb_old_content":"","_et_gb_content_width":"","footnotes":""},"class_list":["post-6289","page","type-page","status-publish","hentry"],"yoast_head":"<!-- This site is optimized with the Yoast SEO plugin v21.2 - https:\/\/yoast.com\/wordpress\/plugins\/seo\/ -->\n<title>Traducci\u00f3n jurada - Marta Pino<\/title>\n<meta name=\"robots\" content=\"index, follow, max-snippet:-1, max-image-preview:large, max-video-preview:-1\" \/>\n<link rel=\"canonical\" href=\"https:\/\/martapino.com\/es\/sworn-translator\/\" \/>\n<meta property=\"og:locale\" content=\"es_ES\" \/>\n<meta property=\"og:type\" content=\"article\" \/>\n<meta property=\"og:title\" content=\"Traducci\u00f3n jurada - Marta Pino\" \/>\n<meta property=\"og:description\" content=\"Marta Pino es traductora jurada nombrada por el Ministerio de Asuntos Exteriores y de Cooperaci\u00f3n de Espa\u00f1a en 2007. Desde entonces ha realizado cientos de miles de proyectos de traducci\u00f3n jurada oficial de documentos destinados a personas f\u00edsicas y jur\u00eddicas (certificados, escrituras, actas, contratos, informes de auditor\u00eda, cuentas anuales, declaraciones juradas, etc.). Presta un servicio [&hellip;]\" \/>\n<meta property=\"og:url\" content=\"https:\/\/martapino.com\/es\/sworn-translator\/\" \/>\n<meta property=\"og:site_name\" content=\"Marta Pino\" \/>\n<meta property=\"article:modified_time\" content=\"2024-05-13T11:16:55+00:00\" \/>\n<meta name=\"twitter:card\" content=\"summary_large_image\" \/>\n<meta name=\"twitter:label1\" content=\"Tiempo de lectura\" \/>\n\t<meta name=\"twitter:data1\" content=\"2 minutos\" \/>\n<script type=\"application\/ld+json\" class=\"yoast-schema-graph\">{\"@context\":\"https:\/\/schema.org\",\"@graph\":[{\"@type\":\"WebPage\",\"@id\":\"https:\/\/martapino.com\/es\/sworn-translator\/\",\"url\":\"https:\/\/martapino.com\/es\/sworn-translator\/\",\"name\":\"Traducci\u00f3n jurada - Marta Pino\",\"isPartOf\":{\"@id\":\"https:\/\/martapino.com\/es\/#website\"},\"datePublished\":\"2023-10-16T13:20:13+00:00\",\"dateModified\":\"2024-05-13T11:16:55+00:00\",\"breadcrumb\":{\"@id\":\"https:\/\/martapino.com\/es\/sworn-translator\/#breadcrumb\"},\"inLanguage\":\"es\",\"potentialAction\":[{\"@type\":\"ReadAction\",\"target\":[\"https:\/\/martapino.com\/es\/sworn-translator\/\"]}]},{\"@type\":\"BreadcrumbList\",\"@id\":\"https:\/\/martapino.com\/es\/sworn-translator\/#breadcrumb\",\"itemListElement\":[{\"@type\":\"ListItem\",\"position\":1,\"name\":\"Portada\",\"item\":\"https:\/\/martapino.com\/es\/\"},{\"@type\":\"ListItem\",\"position\":2,\"name\":\"Traducci\u00f3n jurada\"}]},{\"@type\":\"WebSite\",\"@id\":\"https:\/\/martapino.com\/es\/#website\",\"url\":\"https:\/\/martapino.com\/es\/\",\"name\":\"Marta Pino\",\"description\":\"\",\"potentialAction\":[{\"@type\":\"SearchAction\",\"target\":{\"@type\":\"EntryPoint\",\"urlTemplate\":\"https:\/\/martapino.com\/es\/?s={search_term_string}\"},\"query-input\":\"required name=search_term_string\"}],\"inLanguage\":\"es\"}]}<\/script>\n<!-- \/ Yoast SEO plugin. -->","yoast_head_json":{"title":"Traducci\u00f3n jurada - Marta Pino","robots":{"index":"index","follow":"follow","max-snippet":"max-snippet:-1","max-image-preview":"max-image-preview:large","max-video-preview":"max-video-preview:-1"},"canonical":"https:\/\/martapino.com\/es\/sworn-translator\/","og_locale":"es_ES","og_type":"article","og_title":"Traducci\u00f3n jurada - Marta Pino","og_description":"Marta Pino es traductora jurada nombrada por el Ministerio de Asuntos Exteriores y de Cooperaci\u00f3n de Espa\u00f1a en 2007. Desde entonces ha realizado cientos de miles de proyectos de traducci\u00f3n jurada oficial de documentos destinados a personas f\u00edsicas y jur\u00eddicas (certificados, escrituras, actas, contratos, informes de auditor\u00eda, cuentas anuales, declaraciones juradas, etc.). Presta un servicio [&hellip;]","og_url":"https:\/\/martapino.com\/es\/sworn-translator\/","og_site_name":"Marta Pino","article_modified_time":"2024-05-13T11:16:55+00:00","twitter_card":"summary_large_image","twitter_misc":{"Tiempo de lectura":"2 minutos"},"schema":{"@context":"https:\/\/schema.org","@graph":[{"@type":"WebPage","@id":"https:\/\/martapino.com\/es\/sworn-translator\/","url":"https:\/\/martapino.com\/es\/sworn-translator\/","name":"Traducci\u00f3n jurada - Marta Pino","isPartOf":{"@id":"https:\/\/martapino.com\/es\/#website"},"datePublished":"2023-10-16T13:20:13+00:00","dateModified":"2024-05-13T11:16:55+00:00","breadcrumb":{"@id":"https:\/\/martapino.com\/es\/sworn-translator\/#breadcrumb"},"inLanguage":"es","potentialAction":[{"@type":"ReadAction","target":["https:\/\/martapino.com\/es\/sworn-translator\/"]}]},{"@type":"BreadcrumbList","@id":"https:\/\/martapino.com\/es\/sworn-translator\/#breadcrumb","itemListElement":[{"@type":"ListItem","position":1,"name":"Portada","item":"https:\/\/martapino.com\/es\/"},{"@type":"ListItem","position":2,"name":"Traducci\u00f3n jurada"}]},{"@type":"WebSite","@id":"https:\/\/martapino.com\/es\/#website","url":"https:\/\/martapino.com\/es\/","name":"Marta Pino","description":"","potentialAction":[{"@type":"SearchAction","target":{"@type":"EntryPoint","urlTemplate":"https:\/\/martapino.com\/es\/?s={search_term_string}"},"query-input":"required name=search_term_string"}],"inLanguage":"es"}]}},"_links":{"self":[{"href":"https:\/\/martapino.com\/es\/wp-json\/wp\/v2\/pages\/6289","targetHints":{"allow":["GET"]}}],"collection":[{"href":"https:\/\/martapino.com\/es\/wp-json\/wp\/v2\/pages"}],"about":[{"href":"https:\/\/martapino.com\/es\/wp-json\/wp\/v2\/types\/page"}],"author":[{"embeddable":true,"href":"https:\/\/martapino.com\/es\/wp-json\/wp\/v2\/users\/1"}],"replies":[{"embeddable":true,"href":"https:\/\/martapino.com\/es\/wp-json\/wp\/v2\/comments?post=6289"}],"version-history":[{"count":3,"href":"https:\/\/martapino.com\/es\/wp-json\/wp\/v2\/pages\/6289\/revisions"}],"predecessor-version":[{"id":6325,"href":"https:\/\/martapino.com\/es\/wp-json\/wp\/v2\/pages\/6289\/revisions\/6325"}],"wp:attachment":[{"href":"https:\/\/martapino.com\/es\/wp-json\/wp\/v2\/media?parent=6289"}],"curies":[{"name":"wp","href":"https:\/\/api.w.org\/{rel}","templated":true}]}}