{"id":6291,"date":"2023-10-16T15:17:47","date_gmt":"2023-10-16T13:17:47","guid":{"rendered":"https:\/\/martapino.com\/academic-editor\/"},"modified":"2024-02-28T11:11:34","modified_gmt":"2024-02-28T10:11:34","slug":"academic-editor","status":"publish","type":"page","link":"https:\/\/martapino.com\/es\/academic-editor\/","title":{"rendered":"Traducci\u00f3n Acad\u00e9mica"},"content":{"rendered":"<p>[et_pb_section fb_built=\u00bb1&#8243; custom_padding_last_edited=\u00bbon|phone\u00bb _builder_version=\u00bb4.22.2&#8243; _module_preset=\u00bbdefault\u00bb background_enable_pattern_style=\u00bbon\u00bb background_pattern_style=\u00bbdiagonal-stripes-2&#8243; background_pattern_color=\u00bbrgba(84,86,90,0.05)\u00bb custom_padding=\u00bb40px||40px||true|false\u00bb custom_padding_tablet=\u00bb40px||40px||true|false\u00bb custom_padding_phone=\u00bb20px||20px||true|false\u00bb saved_tabs=\u00bball\u00bb global_colors_info=\u00bb{}\u00bb][et_pb_row _builder_version=\u00bb4.22.2&#8243; _module_preset=\u00bbdefault\u00bb global_colors_info=\u00bb{}\u00bb][et_pb_column type=\u00bb4_4&#8243; _builder_version=\u00bb4.22.2&#8243; _module_preset=\u00bbdefault\u00bb global_colors_info=\u00bb{}\u00bb][et_pb_post_title meta=\u00bboff\u00bb featured_image=\u00bboff\u00bb _builder_version=\u00bb4.22.2&#8243; _module_preset=\u00bbdefault\u00bb title_font=\u00bb||||||||\u00bb title_text_align=\u00bbcenter\u00bb title_text_color=\u00bb#0099A8&#8243; title_font_size=\u00bb62px\u00bb title_line_height=\u00bb1.2em\u00bb custom_margin=\u00bb||0px||false|false\u00bb custom_padding=\u00bb||15px||false|false\u00bb title_font_size_tablet=\u00bb52px\u00bb title_font_size_phone=\u00bb38px\u00bb title_font_size_last_edited=\u00bbon|phone\u00bb global_colors_info=\u00bb{}\u00bb][\/et_pb_post_title][et_pb_divider color=\u00bb#54565A\u00bb _builder_version=\u00bb4.22.2&#8243; _module_preset=\u00bbdefault\u00bb width=\u00bb100px\u00bb module_alignment=\u00bbcenter\u00bb global_colors_info=\u00bb{}\u00bb][\/et_pb_divider][\/et_pb_column][\/et_pb_row][\/et_pb_section][et_pb_section fb_built=\u00bb1&#8243; _builder_version=\u00bb4.22.2&#8243; _module_preset=\u00bbdefault\u00bb global_colors_info=\u00bb{}\u00bb][et_pb_row column_structure=\u00bb1_2,1_2&#8243; _builder_version=\u00bb4.22.2&#8243; _module_preset=\u00bbdefault\u00bb global_colors_info=\u00bb{}\u00bb][et_pb_column type=\u00bb1_2&#8243; _builder_version=\u00bb4.22.2&#8243; _module_preset=\u00bbdefault\u00bb global_colors_info=\u00bb{}\u00bb][et_pb_text _builder_version=\u00bb4.22.2&#8243; _module_preset=\u00bbdefault\u00bb text_font=\u00bb|300|||||||\u00bb global_colors_info=\u00bb{}\u00bb]<\/p>\n<p>Marta Pino ha traducido libros y art\u00edculos cient\u00edficos para publicaciones internacionales.<\/p>\n<p>Colabora con universidades y centros de investigaci\u00f3n como traductora de textos cient\u00edficos y t\u00e9cnicos especializados. Dada la importancia de utilizar un l\u00e9xico especializado preciso, utiliza herramientas avanzadas de traducci\u00f3n asistida y de gesti\u00f3n terminol\u00f3gica.<\/p>\n<p>En su faceta de traductora cient\u00edfica y especializada, ha trabajado principalmente en los siguientes campos: ciencias sociales, ling\u00fc\u00edstica, psicolog\u00eda, neurociencia, pedagog\u00eda, antropolog\u00eda, biolog\u00eda, ecolog\u00eda, turismo, historia, geograf\u00eda, filosof\u00eda, pol\u00edtica, arquitectura y urbanismo.<\/p>\n<p>Adem\u00e1s, ha traducido publicaciones de divulgaci\u00f3n cient\u00edfica de diversas \u00e1reas tem\u00e1ticas.<\/p>\n<p>[\/et_pb_text][et_pb_accordion _builder_version=\u00bb4.22.2&#8243; _module_preset=\u00bbdefault\u00bb global_colors_info=\u00bb{}\u00bb][et_pb_accordion_item title=\u00bbDISCIPLINAS DE TRADUCCI\u00d3N ESPECIALIZADA\u00bb open=\u00bbon\u00bb _builder_version=\u00bb4.22.2&#8243; _module_preset=\u00bbdefault\u00bb global_colors_info=\u00bb{}\u00bb]<\/p>\n<ul class=\"columns-sm-2 columns-md-3\">\n<li>Antropolog\u00eda<\/li>\n<li>Arqueolog\u00eda<\/li>\n<li>Arquitectura<\/li>\n<li>Econom\u00eda, empresa, comercio<\/li>\n<li>Educaci\u00f3n en pedagog\u00eda<\/li>\n<li>\u00c9tica<\/li>\n<li>Historia<\/li>\n<li>Desarrollo internacional<\/li>\n<li>Relaciones laborales<\/li>\n<li>Ling\u00fc\u00edstica<\/li>\n<li>Teor\u00eda y cr\u00edtica literaria<\/li>\n<li>Neurociencia<\/li>\n<li>Filosof\u00eda<\/li>\n<li>Pol\u00edtica<\/li>\n<li>Psicolog\u00eda<\/li>\n<li>Religi\u00f3n<\/li>\n<li>Ciencias sociales<\/li>\n<li>Turismo<\/li>\n<li>Urbanismo<\/li>\n<\/ul>\n<p>[\/et_pb_accordion_item][\/et_pb_accordion][\/et_pb_column][et_pb_column type=\u00bb1_2&#8243; _builder_version=\u00bb4.22.2&#8243; _module_preset=\u00bbdefault\u00bb global_colors_info=\u00bb{}\u00bb][et_pb_image src=\u00bbhttps:\/\/martapino.com\/wp-content\/uploads\/2023\/10\/marta-pino-academic-editor.jpg\u00bb alt=\u00bbAcademic Editor\u00bb title_text=\u00bbAcademic Editor\u00bb _builder_version=\u00bb4.22.2&#8243; _module_preset=\u00bbdefault\u00bb global_colors_info=\u00bb{}\u00bb][\/et_pb_image][\/et_pb_column][\/et_pb_row][\/et_pb_section]<\/p>\n","protected":false},"excerpt":{"rendered":"<p>Marta Pino ha traducido libros y art\u00edculos cient\u00edficos para publicaciones internacionales. Colabora con universidades y centros de investigaci\u00f3n como traductora de textos cient\u00edficos y t\u00e9cnicos especializados. Dada la importancia de utilizar un l\u00e9xico especializado preciso, utiliza herramientas avanzadas de traducci\u00f3n asistida y de gesti\u00f3n terminol\u00f3gica. En su faceta de traductora cient\u00edfica y especializada, ha trabajado [&hellip;]<\/p>\n","protected":false},"author":1,"featured_media":0,"parent":0,"menu_order":0,"comment_status":"closed","ping_status":"closed","template":"","meta":{"_et_pb_use_builder":"on","_et_pb_old_content":"","_et_gb_content_width":"","footnotes":""},"class_list":["post-6291","page","type-page","status-publish","hentry"],"yoast_head":"<!-- This site is optimized with the Yoast SEO plugin v21.2 - https:\/\/yoast.com\/wordpress\/plugins\/seo\/ -->\n<title>Traducci\u00f3n Acad\u00e9mica - Marta Pino<\/title>\n<meta name=\"robots\" content=\"index, follow, max-snippet:-1, max-image-preview:large, max-video-preview:-1\" \/>\n<link rel=\"canonical\" href=\"https:\/\/martapino.com\/es\/academic-editor\/\" \/>\n<meta property=\"og:locale\" content=\"es_ES\" \/>\n<meta property=\"og:type\" content=\"article\" \/>\n<meta property=\"og:title\" content=\"Traducci\u00f3n Acad\u00e9mica - Marta Pino\" \/>\n<meta property=\"og:description\" content=\"Marta Pino ha traducido libros y art\u00edculos cient\u00edficos para publicaciones internacionales. Colabora con universidades y centros de investigaci\u00f3n como traductora de textos cient\u00edficos y t\u00e9cnicos especializados. Dada la importancia de utilizar un l\u00e9xico especializado preciso, utiliza herramientas avanzadas de traducci\u00f3n asistida y de gesti\u00f3n terminol\u00f3gica. En su faceta de traductora cient\u00edfica y especializada, ha trabajado [&hellip;]\" \/>\n<meta property=\"og:url\" content=\"https:\/\/martapino.com\/es\/academic-editor\/\" \/>\n<meta property=\"og:site_name\" content=\"Marta Pino\" \/>\n<meta property=\"article:modified_time\" content=\"2024-02-28T10:11:34+00:00\" \/>\n<meta name=\"twitter:card\" content=\"summary_large_image\" \/>\n<meta name=\"twitter:label1\" content=\"Tiempo de lectura\" \/>\n\t<meta name=\"twitter:data1\" content=\"1 minuto\" \/>\n<script type=\"application\/ld+json\" class=\"yoast-schema-graph\">{\"@context\":\"https:\/\/schema.org\",\"@graph\":[{\"@type\":\"WebPage\",\"@id\":\"https:\/\/martapino.com\/es\/academic-editor\/\",\"url\":\"https:\/\/martapino.com\/es\/academic-editor\/\",\"name\":\"Traducci\u00f3n Acad\u00e9mica - Marta Pino\",\"isPartOf\":{\"@id\":\"https:\/\/martapino.com\/es\/#website\"},\"datePublished\":\"2023-10-16T13:17:47+00:00\",\"dateModified\":\"2024-02-28T10:11:34+00:00\",\"breadcrumb\":{\"@id\":\"https:\/\/martapino.com\/es\/academic-editor\/#breadcrumb\"},\"inLanguage\":\"es\",\"potentialAction\":[{\"@type\":\"ReadAction\",\"target\":[\"https:\/\/martapino.com\/es\/academic-editor\/\"]}]},{\"@type\":\"BreadcrumbList\",\"@id\":\"https:\/\/martapino.com\/es\/academic-editor\/#breadcrumb\",\"itemListElement\":[{\"@type\":\"ListItem\",\"position\":1,\"name\":\"Portada\",\"item\":\"https:\/\/martapino.com\/es\/\"},{\"@type\":\"ListItem\",\"position\":2,\"name\":\"Traducci\u00f3n Acad\u00e9mica\"}]},{\"@type\":\"WebSite\",\"@id\":\"https:\/\/martapino.com\/es\/#website\",\"url\":\"https:\/\/martapino.com\/es\/\",\"name\":\"Marta Pino\",\"description\":\"\",\"potentialAction\":[{\"@type\":\"SearchAction\",\"target\":{\"@type\":\"EntryPoint\",\"urlTemplate\":\"https:\/\/martapino.com\/es\/?s={search_term_string}\"},\"query-input\":\"required name=search_term_string\"}],\"inLanguage\":\"es\"}]}<\/script>\n<!-- \/ Yoast SEO plugin. -->","yoast_head_json":{"title":"Traducci\u00f3n Acad\u00e9mica - Marta Pino","robots":{"index":"index","follow":"follow","max-snippet":"max-snippet:-1","max-image-preview":"max-image-preview:large","max-video-preview":"max-video-preview:-1"},"canonical":"https:\/\/martapino.com\/es\/academic-editor\/","og_locale":"es_ES","og_type":"article","og_title":"Traducci\u00f3n Acad\u00e9mica - Marta Pino","og_description":"Marta Pino ha traducido libros y art\u00edculos cient\u00edficos para publicaciones internacionales. Colabora con universidades y centros de investigaci\u00f3n como traductora de textos cient\u00edficos y t\u00e9cnicos especializados. Dada la importancia de utilizar un l\u00e9xico especializado preciso, utiliza herramientas avanzadas de traducci\u00f3n asistida y de gesti\u00f3n terminol\u00f3gica. En su faceta de traductora cient\u00edfica y especializada, ha trabajado [&hellip;]","og_url":"https:\/\/martapino.com\/es\/academic-editor\/","og_site_name":"Marta Pino","article_modified_time":"2024-02-28T10:11:34+00:00","twitter_card":"summary_large_image","twitter_misc":{"Tiempo de lectura":"1 minuto"},"schema":{"@context":"https:\/\/schema.org","@graph":[{"@type":"WebPage","@id":"https:\/\/martapino.com\/es\/academic-editor\/","url":"https:\/\/martapino.com\/es\/academic-editor\/","name":"Traducci\u00f3n Acad\u00e9mica - Marta Pino","isPartOf":{"@id":"https:\/\/martapino.com\/es\/#website"},"datePublished":"2023-10-16T13:17:47+00:00","dateModified":"2024-02-28T10:11:34+00:00","breadcrumb":{"@id":"https:\/\/martapino.com\/es\/academic-editor\/#breadcrumb"},"inLanguage":"es","potentialAction":[{"@type":"ReadAction","target":["https:\/\/martapino.com\/es\/academic-editor\/"]}]},{"@type":"BreadcrumbList","@id":"https:\/\/martapino.com\/es\/academic-editor\/#breadcrumb","itemListElement":[{"@type":"ListItem","position":1,"name":"Portada","item":"https:\/\/martapino.com\/es\/"},{"@type":"ListItem","position":2,"name":"Traducci\u00f3n Acad\u00e9mica"}]},{"@type":"WebSite","@id":"https:\/\/martapino.com\/es\/#website","url":"https:\/\/martapino.com\/es\/","name":"Marta Pino","description":"","potentialAction":[{"@type":"SearchAction","target":{"@type":"EntryPoint","urlTemplate":"https:\/\/martapino.com\/es\/?s={search_term_string}"},"query-input":"required name=search_term_string"}],"inLanguage":"es"}]}},"_links":{"self":[{"href":"https:\/\/martapino.com\/es\/wp-json\/wp\/v2\/pages\/6291","targetHints":{"allow":["GET"]}}],"collection":[{"href":"https:\/\/martapino.com\/es\/wp-json\/wp\/v2\/pages"}],"about":[{"href":"https:\/\/martapino.com\/es\/wp-json\/wp\/v2\/types\/page"}],"author":[{"embeddable":true,"href":"https:\/\/martapino.com\/es\/wp-json\/wp\/v2\/users\/1"}],"replies":[{"embeddable":true,"href":"https:\/\/martapino.com\/es\/wp-json\/wp\/v2\/comments?post=6291"}],"version-history":[{"count":6,"href":"https:\/\/martapino.com\/es\/wp-json\/wp\/v2\/pages\/6291\/revisions"}],"predecessor-version":[{"id":6410,"href":"https:\/\/martapino.com\/es\/wp-json\/wp\/v2\/pages\/6291\/revisions\/6410"}],"wp:attachment":[{"href":"https:\/\/martapino.com\/es\/wp-json\/wp\/v2\/media?parent=6291"}],"curies":[{"name":"wp","href":"https:\/\/api.w.org\/{rel}","templated":true}]}}