{"id":6296,"date":"2023-10-08T12:28:14","date_gmt":"2023-10-08T10:28:14","guid":{"rendered":"https:\/\/martapino.com\/contact\/"},"modified":"2024-02-27T14:21:05","modified_gmt":"2024-02-27T13:21:05","slug":"contact","status":"publish","type":"page","link":"https:\/\/martapino.com\/es\/contact\/","title":{"rendered":"Contacto"},"content":{"rendered":"<p>[et_pb_section fb_built=\u00bb1&#8243; custom_padding_last_edited=\u00bbon|phone\u00bb _builder_version=\u00bb4.22.2&#8243; _module_preset=\u00bbdefault\u00bb background_enable_pattern_style=\u00bbon\u00bb background_pattern_style=\u00bbdiagonal-stripes-2&#8243; background_pattern_color=\u00bbrgba(84,86,90,0.05)\u00bb custom_padding=\u00bb40px||40px||true|false\u00bb custom_padding_tablet=\u00bb40px||40px||true|false\u00bb custom_padding_phone=\u00bb20px||20px||true|false\u00bb saved_tabs=\u00bball\u00bb global_colors_info=\u00bb{}\u00bb][et_pb_row _builder_version=\u00bb4.22.2&#8243; _module_preset=\u00bbdefault\u00bb global_colors_info=\u00bb{}\u00bb][et_pb_column type=\u00bb4_4&#8243; _builder_version=\u00bb4.22.2&#8243; _module_preset=\u00bbdefault\u00bb global_colors_info=\u00bb{}\u00bb][et_pb_post_title meta=\u00bboff\u00bb featured_image=\u00bboff\u00bb _builder_version=\u00bb4.22.2&#8243; _module_preset=\u00bbdefault\u00bb title_font=\u00bb||||||||\u00bb title_text_align=\u00bbcenter\u00bb title_text_color=\u00bb#0099A8&#8243; title_font_size=\u00bb62px\u00bb title_line_height=\u00bb1.2em\u00bb custom_margin=\u00bb||0px||false|false\u00bb custom_padding=\u00bb||15px||false|false\u00bb title_font_size_tablet=\u00bb52px\u00bb title_font_size_phone=\u00bb38px\u00bb title_font_size_last_edited=\u00bbon|phone\u00bb global_colors_info=\u00bb{}\u00bb][\/et_pb_post_title][et_pb_divider color=\u00bb#54565A\u00bb _builder_version=\u00bb4.22.2&#8243; _module_preset=\u00bbdefault\u00bb width=\u00bb100px\u00bb module_alignment=\u00bbcenter\u00bb global_colors_info=\u00bb{}\u00bb][\/et_pb_divider][\/et_pb_column][\/et_pb_row][\/et_pb_section][et_pb_section fb_built=\u00bb1&#8243; _builder_version=\u00bb4.22.2&#8243; _module_preset=\u00bbdefault\u00bb global_colors_info=\u00bb{}\u00bb][et_pb_row column_structure=\u00bb2_5,3_5&#8243; _builder_version=\u00bb4.22.2&#8243; _module_preset=\u00bbdefault\u00bb global_colors_info=\u00bb{}\u00bb][et_pb_column type=\u00bb2_5&#8243; _builder_version=\u00bb4.22.2&#8243; _module_preset=\u00bbdefault\u00bb global_colors_info=\u00bb{}\u00bb][et_pb_text _builder_version=\u00bb4.22.2&#8243; _module_preset=\u00bbdefault\u00bb header_2_font_size=\u00bb32px\u00bb header_2_line_height=\u00bb1.2em\u00bb custom_margin=\u00bb||20px||false|false\u00bb header_2_font_size_tablet=\u00bb32px\u00bb header_2_font_size_phone=\u00bb26px\u00bb header_2_font_size_last_edited=\u00bbon|phone\u00bb global_colors_info=\u00bb{}\u00bb]<\/p>\n<h2>Geneva<\/h2>\n<p>[\/et_pb_text][et_pb_blurb title=\u00bbc\/o Calliop\u00e9e Business Center<br \/>Rue de Chantepoulet 10<br \/>1201 Geneva, Switzerland\u00bb use_icon=\u00bbon\u00bb font_icon=\u00bb&#x24;||divi||400&#8243; icon_color=\u00bb#0099A8&#8243; icon_placement=\u00bbleft\u00bb _builder_version=\u00bb4.22.2&#8243; _module_preset=\u00bbdefault\u00bb header_font=\u00bbMerriweather Sans|300|||||||\u00bb header_text_color=\u00bb#54565A\u00bb header_font_size=\u00bb20px\u00bb header_line_height=\u00bb1.3em\u00bb custom_margin=\u00bb||0px||false|false\u00bb custom_padding=\u00bb||10px||false|false\u00bb global_colors_info=\u00bb{}\u00bb][\/et_pb_blurb][et_pb_blurb title=\u00bbmpm@martapino.com\u00bb use_icon=\u00bbon\u00bb font_icon=\u00bb&#x24;||divi||400&#8243; icon_color=\u00bb#0099A8&#8243; icon_placement=\u00bbleft\u00bb _builder_version=\u00bb4.22.2&#8243; _module_preset=\u00bbdefault\u00bb header_font=\u00bbMerriweather Sans|300|||||||\u00bb header_text_color=\u00bb#54565A\u00bb header_font_size=\u00bb20px\u00bb header_line_height=\u00bb1.3em\u00bb custom_margin=\u00bb||0px||false|false\u00bb custom_padding=\u00bb||10px||false|false\u00bb link_option_url=\u00bbmailto:mpm@martapino.com\u00bb global_colors_info=\u00bb{}\u00bb][\/et_pb_blurb][et_pb_divider color=\u00bbrgba(84,86,90,0.23)\u00bb _builder_version=\u00bb4.22.2&#8243; _module_preset=\u00bbdefault\u00bb custom_margin=\u00bb15px||10px||false|false\u00bb global_colors_info=\u00bb{}\u00bb][\/et_pb_divider][et_pb_text _builder_version=\u00bb4.22.2&#8243; _module_preset=\u00bbdefault\u00bb header_2_font_size=\u00bb32px\u00bb header_2_line_height=\u00bb1.2em\u00bb custom_margin=\u00bb||20px||false|false\u00bb header_2_font_size_tablet=\u00bb32px\u00bb header_2_font_size_phone=\u00bb26px\u00bb header_2_font_size_last_edited=\u00bbon|phone\u00bb global_colors_info=\u00bb{}\u00bb]<\/p>\n<h2>Barcelona<\/h2>\n<p>[\/et_pb_text][et_pb_blurb title=\u00bbC\/ Tuset 23-25, 4\u00ba (Tuset CN)<br \/>08006 Barcelona, Spain\u00bb use_icon=\u00bbon\u00bb font_icon=\u00bb&#x24;||divi||400&#8243; icon_color=\u00bb#0099A8&#8243; icon_placement=\u00bbleft\u00bb _builder_version=\u00bb4.22.2&#8243; _module_preset=\u00bbdefault\u00bb header_font=\u00bbMerriweather Sans|300|||||||\u00bb header_text_color=\u00bb#54565A\u00bb header_font_size=\u00bb20px\u00bb header_line_height=\u00bb1.3em\u00bb custom_margin=\u00bb||0px||false|false\u00bb custom_padding=\u00bb||10px||false|false\u00bb global_colors_info=\u00bb{}\u00bb][\/et_pb_blurb][et_pb_blurb title=\u00bb+34 931 640 622&#8243; use_icon=\u00bbon\u00bb font_icon=\u00bb&#x24;||divi||400&#8243; icon_color=\u00bb#0099A8&#8243; icon_placement=\u00bbleft\u00bb _builder_version=\u00bb4.22.2&#8243; _module_preset=\u00bbdefault\u00bb header_font=\u00bbMerriweather Sans|300|||||||\u00bb header_text_color=\u00bb#54565A\u00bb header_font_size=\u00bb20px\u00bb header_line_height=\u00bb1.3em\u00bb custom_margin=\u00bb||0px||false|false\u00bb custom_padding=\u00bb||10px||false|false\u00bb link_option_url=\u00bbmailto:mpm@martapino.com\u00bb global_colors_info=\u00bb{}\u00bb][\/et_pb_blurb][et_pb_blurb title=\u00bbmpm@martapino.com\u00bb use_icon=\u00bbon\u00bb font_icon=\u00bb&#x24;||divi||400&#8243; icon_color=\u00bb#0099A8&#8243; icon_placement=\u00bbleft\u00bb _builder_version=\u00bb4.22.2&#8243; _module_preset=\u00bbdefault\u00bb header_font=\u00bbMerriweather Sans|300|||||||\u00bb header_text_color=\u00bb#54565A\u00bb header_font_size=\u00bb20px\u00bb header_line_height=\u00bb1.3em\u00bb custom_margin=\u00bb||0px||false|false\u00bb custom_padding=\u00bb||10px||false|false\u00bb link_option_url=\u00bbmailto:mpm@martapino.com\u00bb global_colors_info=\u00bb{}\u00bb][\/et_pb_blurb][et_pb_divider color=\u00bbrgba(84,86,90,0.23)\u00bb _builder_version=\u00bb4.22.2&#8243; _module_preset=\u00bbdefault\u00bb custom_margin=\u00bb15px||10px||false|false\u00bb global_colors_info=\u00bb{}\u00bb][\/et_pb_divider][et_pb_text _builder_version=\u00bb4.22.2&#8243; _module_preset=\u00bbdefault\u00bb header_2_font_size=\u00bb32px\u00bb header_2_line_height=\u00bb1.2em\u00bb custom_margin=\u00bb||20px||false|false\u00bb header_2_font_size_tablet=\u00bb32px\u00bb header_2_font_size_phone=\u00bb26px\u00bb header_2_font_size_last_edited=\u00bbon|phone\u00bb global_colors_info=\u00bb{}\u00bb]<\/p>\n<h2>Galicia<\/h2>\n<p>[\/et_pb_text][et_pb_blurb title=\u00bbParque Tecnol\u00f3xico de Galicia<br \/>Edificio Tecn\u00f3pole I, 1\u00aa planta, local 7C<br \/>32901 San Cibrao das Vi\u00f1as, Ourense, Spain\u00bb use_icon=\u00bbon\u00bb font_icon=\u00bb&#x24;||divi||400&#8243; icon_color=\u00bb#0099A8&#8243; icon_placement=\u00bbleft\u00bb _builder_version=\u00bb4.22.2&#8243; _module_preset=\u00bbdefault\u00bb header_font=\u00bbMerriweather Sans|300|||||||\u00bb header_text_color=\u00bb#54565A\u00bb header_font_size=\u00bb20px\u00bb header_line_height=\u00bb1.3em\u00bb custom_margin=\u00bb||0px||false|false\u00bb custom_padding=\u00bb||10px||false|false\u00bb global_colors_info=\u00bb{}\u00bb][\/et_pb_blurb][et_pb_blurb title=\u00bb+34 931 640 622&#8243; use_icon=\u00bbon\u00bb font_icon=\u00bb&#x24;||divi||400&#8243; icon_color=\u00bb#0099A8&#8243; icon_placement=\u00bbleft\u00bb _builder_version=\u00bb4.22.2&#8243; _module_preset=\u00bbdefault\u00bb header_font=\u00bbMerriweather Sans|300|||||||\u00bb header_text_color=\u00bb#54565A\u00bb header_font_size=\u00bb20px\u00bb header_line_height=\u00bb1.3em\u00bb custom_margin=\u00bb||0px||false|false\u00bb custom_padding=\u00bb||10px||false|false\u00bb link_option_url=\u00bbmailto:mpm@martapino.com\u00bb global_colors_info=\u00bb{}\u00bb][\/et_pb_blurb][et_pb_blurb title=\u00bbmpm@martapino.com\u00bb use_icon=\u00bbon\u00bb font_icon=\u00bb&#x24;||divi||400&#8243; icon_color=\u00bb#0099A8&#8243; icon_placement=\u00bbleft\u00bb _builder_version=\u00bb4.22.2&#8243; _module_preset=\u00bbdefault\u00bb header_font=\u00bbMerriweather Sans|300|||||||\u00bb header_text_color=\u00bb#54565A\u00bb header_font_size=\u00bb20px\u00bb header_line_height=\u00bb1.3em\u00bb custom_margin=\u00bb||0px||false|false\u00bb custom_padding=\u00bb||10px||false|false\u00bb link_option_url=\u00bbmailto:mpm@martapino.com\u00bb global_colors_info=\u00bb{}\u00bb][\/et_pb_blurb][et_pb_divider color=\u00bbrgba(84,86,90,0.23)\u00bb _builder_version=\u00bb4.22.2&#8243; _module_preset=\u00bbdefault\u00bb custom_margin=\u00bb15px||10px||false|false\u00bb global_colors_info=\u00bb{}\u00bb][\/et_pb_divider][\/et_pb_column][et_pb_column type=\u00bb3_5&#8243; _builder_version=\u00bb4.22.2&#8243; _module_preset=\u00bbdefault\u00bb global_colors_info=\u00bb{}\u00bb][et_pb_text _builder_version=\u00bb4.22.2&#8243; _module_preset=\u00bbdefault\u00bb header_2_font_size=\u00bb32px\u00bb header_2_line_height=\u00bb1.2em\u00bb custom_margin=\u00bb||20px||false|false\u00bb header_2_font_size_tablet=\u00bb32px\u00bb header_2_font_size_phone=\u00bb26px\u00bb header_2_font_size_last_edited=\u00bbon|phone\u00bb global_colors_info=\u00bb{}\u00bb]<\/p>\n<h2>Escr\u00edbenos un email<\/h2>\n<div id=\"gtx-trans\" style=\"position: absolute; left: -22px; top: -4.09375px;\">\n<div class=\"gtx-trans-icon\"><\/div>\n<\/div>\n<p>[\/et_pb_text][et_pb_text _builder_version=\u00bb4.22.2&#8243; _module_preset=\u00bbdefault\u00bb global_colors_info=\u00bb{}\u00bb]\n<div class=\"wpcf7 no-js\" id=\"wpcf7-f5-o1\" lang=\"en-US\" dir=\"ltr\">\n<div class=\"screen-reader-response\"><p role=\"status\" aria-live=\"polite\" aria-atomic=\"true\"><\/p> <ul><\/ul><\/div>\n<form action=\"\/es\/wp-json\/wp\/v2\/pages\/6296#wpcf7-f5-o1\" method=\"post\" class=\"wpcf7-form init\" aria-label=\"Contact form\" novalidate=\"novalidate\" data-status=\"init\">\n<div style=\"display: none;\">\n<input type=\"hidden\" name=\"_wpcf7\" value=\"5\" \/>\n<input type=\"hidden\" name=\"_wpcf7_version\" value=\"5.8\" \/>\n<input type=\"hidden\" name=\"_wpcf7_locale\" value=\"en_US\" \/>\n<input type=\"hidden\" name=\"_wpcf7_unit_tag\" value=\"wpcf7-f5-o1\" \/>\n<input type=\"hidden\" name=\"_wpcf7_container_post\" value=\"0\" \/>\n<input type=\"hidden\" name=\"_wpcf7_posted_data_hash\" value=\"\" \/>\n<\/div>\n<div class=\"form-grupo\">\n\t<p><span class=\"wpcf7-form-control-wrap\" data-name=\"Nombre\"><input size=\"40\" class=\"wpcf7-form-control wpcf7-text wpcf7-validates-as-required\" aria-required=\"true\" aria-invalid=\"false\" placeholder=\"Nombre*\" value=\"\" type=\"text\" name=\"Nombre\" \/><\/span>\n\t<\/p>\n<\/div>\n<div class=\"form-grupo columnas2\">\n\t<p><span class=\"wpcf7-form-control-wrap\" data-name=\"your-phone\"><input size=\"40\" class=\"wpcf7-form-control wpcf7-tel wpcf7-validates-as-required wpcf7-text wpcf7-validates-as-tel\" aria-required=\"true\" aria-invalid=\"false\" placeholder=\"Tel\u00e9fono de contacto*\" value=\"\" type=\"tel\" name=\"your-phone\" \/><\/span>\n\t<\/p>\n<\/div>\n<div class=\"form-grupo columnas2\">\n\t<p><span class=\"wpcf7-form-control-wrap\" data-name=\"your-email\"><input size=\"40\" class=\"wpcf7-form-control wpcf7-email wpcf7-validates-as-required wpcf7-text wpcf7-validates-as-email\" aria-required=\"true\" aria-invalid=\"false\" placeholder=\"Correo electr\u00f3nico*\" value=\"\" type=\"email\" name=\"your-email\" \/><\/span>\n\t<\/p>\n<\/div>\n<div class=\"form-grupo\">\n\t<p><span class=\"wpcf7-form-control-wrap\" data-name=\"mensaje\"><textarea cols=\"40\" rows=\"10\" class=\"wpcf7-form-control wpcf7-textarea wpcf7-validates-as-required\" aria-required=\"true\" aria-invalid=\"false\" placeholder=\"Mensaje*\" name=\"mensaje\"><\/textarea><\/span>\n\t<\/p>\n<\/div>\n<div class=\"form-grupo condiciones\">\n\t<p class=\"descripcion\">TEXTINNOVA GLOBAL CONTENT, S.L.U. trata tus datos con el fin de gestionar la consulta, queja, sugerencia y\/o reclamaci\u00f3n, bas\u00e1ndose en el consentimiento del interesado. Puedes ejercer tus derechos en cualquier momento, solicit\u00e1ndolo en Parque Tecnol\u00f3xico de Galicia, Edificio Tecn\u00f3pole 1\u00aa Planta Local 7C, 32900 | SAN CIBRAO DAS VI\u00d1AS. Consulta informaci\u00f3n adicional y detallada en nuestra <a href=\"\/privacy-policy\/\" target=\"_blank\">pol\u00edtica de privacidad<\/a>.\n\t<\/p>\n\t<p><span class=\"wpcf7-form-control-wrap\" data-name=\"acceptance-299\"><span class=\"wpcf7-form-control wpcf7-acceptance\"><span class=\"wpcf7-list-item\"><label><input type=\"checkbox\" name=\"acceptance-299\" value=\"1\" aria-invalid=\"false\" \/><span class=\"wpcf7-list-item-label\">He le\u00eddo y acepto expresamente el <a href=\"\/legal-notice\/\" target=\"_blank\">Aviso legal<\/a> y la <a href=\"\/privacy-policy\/\" target=\"_blank\">Pol\u00edtica de privacidad<\/a>.<\/span><\/label><\/span><\/span><\/span>\n\t<\/p>\n<\/div>\n<div class=\"form-grupo\" style=\"padding-top:20px;\">\n\t<p><input class=\"wpcf7-form-control wpcf7-submit has-spinner\" type=\"submit\" value=\"Enviar\" \/>\n\t<\/p>\n<\/div><div class=\"wpcf7-response-output\" aria-hidden=\"true\"><\/div>\n<\/form>\n<\/div>\n[\/et_pb_text][\/et_pb_column][\/et_pb_row][\/et_pb_section]<\/p>\n","protected":false},"excerpt":{"rendered":"<p>GenevaBarcelonaGaliciaEscr\u00edbenos un email \n<div class=\"wpcf7 no-js\" id=\"wpcf7-f5-o2\" lang=\"en-US\" dir=\"ltr\">\n<div class=\"screen-reader-response\"><p role=\"status\" aria-live=\"polite\" aria-atomic=\"true\"><\/p> <ul><\/ul><\/div>\n<form action=\"\/es\/wp-json\/wp\/v2\/pages\/6296#wpcf7-f5-o2\" method=\"post\" class=\"wpcf7-form init\" aria-label=\"Contact form\" novalidate=\"novalidate\" data-status=\"init\">\n<div style=\"display: none;\">\n<input type=\"hidden\" name=\"_wpcf7\" value=\"5\" \/>\n<input type=\"hidden\" name=\"_wpcf7_version\" value=\"5.8\" \/>\n<input type=\"hidden\" name=\"_wpcf7_locale\" value=\"en_US\" \/>\n<input type=\"hidden\" name=\"_wpcf7_unit_tag\" value=\"wpcf7-f5-o2\" \/>\n<input type=\"hidden\" name=\"_wpcf7_container_post\" value=\"0\" \/>\n<input type=\"hidden\" name=\"_wpcf7_posted_data_hash\" value=\"\" \/>\n<\/div>\n<div class=\"form-grupo\">\n\t<p><span class=\"wpcf7-form-control-wrap\" data-name=\"Nombre\"><input size=\"40\" class=\"wpcf7-form-control wpcf7-text wpcf7-validates-as-required\" aria-required=\"true\" aria-invalid=\"false\" placeholder=\"Nombre*\" value=\"\" type=\"text\" name=\"Nombre\" \/><\/span>\n\t<\/p>\n<\/div>\n<div class=\"form-grupo columnas2\">\n\t<p><span class=\"wpcf7-form-control-wrap\" data-name=\"your-phone\"><input size=\"40\" class=\"wpcf7-form-control wpcf7-tel wpcf7-validates-as-required wpcf7-text wpcf7-validates-as-tel\" aria-required=\"true\" aria-invalid=\"false\" placeholder=\"Tel\u00e9fono de contacto*\" value=\"\" type=\"tel\" name=\"your-phone\" \/><\/span>\n\t<\/p>\n<\/div>\n<div class=\"form-grupo columnas2\">\n\t<p><span class=\"wpcf7-form-control-wrap\" data-name=\"your-email\"><input size=\"40\" class=\"wpcf7-form-control wpcf7-email wpcf7-validates-as-required wpcf7-text wpcf7-validates-as-email\" aria-required=\"true\" aria-invalid=\"false\" placeholder=\"Correo electr\u00f3nico*\" value=\"\" type=\"email\" name=\"your-email\" \/><\/span>\n\t<\/p>\n<\/div>\n<div class=\"form-grupo\">\n\t<p><span class=\"wpcf7-form-control-wrap\" data-name=\"mensaje\"><textarea cols=\"40\" rows=\"10\" class=\"wpcf7-form-control wpcf7-textarea wpcf7-validates-as-required\" aria-required=\"true\" aria-invalid=\"false\" placeholder=\"Mensaje*\" name=\"mensaje\"><\/textarea><\/span>\n\t<\/p>\n<\/div>\n<div class=\"form-grupo condiciones\">\n\t<p class=\"descripcion\">TEXTINNOVA GLOBAL CONTENT, S.L.U. trata tus datos con el fin de gestionar la consulta, queja, sugerencia y\/o reclamaci\u00f3n, bas\u00e1ndose en el consentimiento del interesado. Puedes ejercer tus derechos en cualquier momento, solicit\u00e1ndolo en Parque Tecnol\u00f3xico de Galicia, Edificio Tecn\u00f3pole 1\u00aa Planta Local 7C, 32900 | SAN CIBRAO DAS VI\u00d1AS. Consulta informaci\u00f3n adicional y detallada en nuestra <a href=\"\/privacy-policy\/\" target=\"_blank\">pol\u00edtica de privacidad<\/a>.\n\t<\/p>\n\t<p><span class=\"wpcf7-form-control-wrap\" data-name=\"acceptance-299\"><span class=\"wpcf7-form-control wpcf7-acceptance\"><span class=\"wpcf7-list-item\"><label><input type=\"checkbox\" name=\"acceptance-299\" value=\"1\" aria-invalid=\"false\" \/><span class=\"wpcf7-list-item-label\">He le\u00eddo y acepto expresamente el <a href=\"\/legal-notice\/\" target=\"_blank\">Aviso legal<\/a> y la <a href=\"\/privacy-policy\/\" target=\"_blank\">Pol\u00edtica de privacidad<\/a>.<\/span><\/label><\/span><\/span><\/span>\n\t<\/p>\n<\/div>\n<div class=\"form-grupo\" style=\"padding-top:20px;\">\n\t<p><input class=\"wpcf7-form-control wpcf7-submit has-spinner\" type=\"submit\" value=\"Enviar\" \/>\n\t<\/p>\n<\/div><div class=\"wpcf7-response-output\" aria-hidden=\"true\"><\/div>\n<\/form>\n<\/div>\n<\/p>\n","protected":false},"author":1,"featured_media":0,"parent":0,"menu_order":0,"comment_status":"closed","ping_status":"closed","template":"","meta":{"_et_pb_use_builder":"on","_et_pb_old_content":"","_et_gb_content_width":"","footnotes":""},"class_list":["post-6296","page","type-page","status-publish","hentry"],"yoast_head":"<!-- This site is optimized with the Yoast SEO plugin v21.2 - https:\/\/yoast.com\/wordpress\/plugins\/seo\/ -->\n<title>Contacto - Marta Pino<\/title>\n<meta name=\"robots\" content=\"index, follow, max-snippet:-1, max-image-preview:large, max-video-preview:-1\" \/>\n<link rel=\"canonical\" href=\"https:\/\/martapino.com\/es\/contact\/\" \/>\n<meta property=\"og:locale\" content=\"es_ES\" \/>\n<meta property=\"og:type\" content=\"article\" \/>\n<meta property=\"og:title\" content=\"Contacto - Marta Pino\" \/>\n<meta property=\"og:description\" content=\"GenevaBarcelonaGaliciaEscr\u00edbenos un email\" \/>\n<meta property=\"og:url\" content=\"https:\/\/martapino.com\/es\/contact\/\" \/>\n<meta property=\"og:site_name\" content=\"Marta Pino\" \/>\n<meta property=\"article:modified_time\" content=\"2024-02-27T13:21:05+00:00\" \/>\n<meta name=\"twitter:card\" content=\"summary_large_image\" \/>\n<meta name=\"twitter:label1\" content=\"Tiempo de lectura\" \/>\n\t<meta name=\"twitter:data1\" content=\"2 minutos\" \/>\n<script type=\"application\/ld+json\" class=\"yoast-schema-graph\">{\"@context\":\"https:\/\/schema.org\",\"@graph\":[{\"@type\":\"WebPage\",\"@id\":\"https:\/\/martapino.com\/es\/contact\/\",\"url\":\"https:\/\/martapino.com\/es\/contact\/\",\"name\":\"Contacto - Marta Pino\",\"isPartOf\":{\"@id\":\"https:\/\/martapino.com\/es\/#website\"},\"datePublished\":\"2023-10-08T10:28:14+00:00\",\"dateModified\":\"2024-02-27T13:21:05+00:00\",\"breadcrumb\":{\"@id\":\"https:\/\/martapino.com\/es\/contact\/#breadcrumb\"},\"inLanguage\":\"es\",\"potentialAction\":[{\"@type\":\"ReadAction\",\"target\":[\"https:\/\/martapino.com\/es\/contact\/\"]}]},{\"@type\":\"BreadcrumbList\",\"@id\":\"https:\/\/martapino.com\/es\/contact\/#breadcrumb\",\"itemListElement\":[{\"@type\":\"ListItem\",\"position\":1,\"name\":\"Portada\",\"item\":\"https:\/\/martapino.com\/es\/\"},{\"@type\":\"ListItem\",\"position\":2,\"name\":\"Contacto\"}]},{\"@type\":\"WebSite\",\"@id\":\"https:\/\/martapino.com\/es\/#website\",\"url\":\"https:\/\/martapino.com\/es\/\",\"name\":\"Marta Pino\",\"description\":\"\",\"potentialAction\":[{\"@type\":\"SearchAction\",\"target\":{\"@type\":\"EntryPoint\",\"urlTemplate\":\"https:\/\/martapino.com\/es\/?s={search_term_string}\"},\"query-input\":\"required name=search_term_string\"}],\"inLanguage\":\"es\"}]}<\/script>\n<!-- \/ Yoast SEO plugin. -->","yoast_head_json":{"title":"Contacto - Marta Pino","robots":{"index":"index","follow":"follow","max-snippet":"max-snippet:-1","max-image-preview":"max-image-preview:large","max-video-preview":"max-video-preview:-1"},"canonical":"https:\/\/martapino.com\/es\/contact\/","og_locale":"es_ES","og_type":"article","og_title":"Contacto - Marta Pino","og_description":"GenevaBarcelonaGaliciaEscr\u00edbenos un email","og_url":"https:\/\/martapino.com\/es\/contact\/","og_site_name":"Marta Pino","article_modified_time":"2024-02-27T13:21:05+00:00","twitter_card":"summary_large_image","twitter_misc":{"Tiempo de lectura":"2 minutos"},"schema":{"@context":"https:\/\/schema.org","@graph":[{"@type":"WebPage","@id":"https:\/\/martapino.com\/es\/contact\/","url":"https:\/\/martapino.com\/es\/contact\/","name":"Contacto - Marta Pino","isPartOf":{"@id":"https:\/\/martapino.com\/es\/#website"},"datePublished":"2023-10-08T10:28:14+00:00","dateModified":"2024-02-27T13:21:05+00:00","breadcrumb":{"@id":"https:\/\/martapino.com\/es\/contact\/#breadcrumb"},"inLanguage":"es","potentialAction":[{"@type":"ReadAction","target":["https:\/\/martapino.com\/es\/contact\/"]}]},{"@type":"BreadcrumbList","@id":"https:\/\/martapino.com\/es\/contact\/#breadcrumb","itemListElement":[{"@type":"ListItem","position":1,"name":"Portada","item":"https:\/\/martapino.com\/es\/"},{"@type":"ListItem","position":2,"name":"Contacto"}]},{"@type":"WebSite","@id":"https:\/\/martapino.com\/es\/#website","url":"https:\/\/martapino.com\/es\/","name":"Marta Pino","description":"","potentialAction":[{"@type":"SearchAction","target":{"@type":"EntryPoint","urlTemplate":"https:\/\/martapino.com\/es\/?s={search_term_string}"},"query-input":"required name=search_term_string"}],"inLanguage":"es"}]}},"_links":{"self":[{"href":"https:\/\/martapino.com\/es\/wp-json\/wp\/v2\/pages\/6296","targetHints":{"allow":["GET"]}}],"collection":[{"href":"https:\/\/martapino.com\/es\/wp-json\/wp\/v2\/pages"}],"about":[{"href":"https:\/\/martapino.com\/es\/wp-json\/wp\/v2\/types\/page"}],"author":[{"embeddable":true,"href":"https:\/\/martapino.com\/es\/wp-json\/wp\/v2\/users\/1"}],"replies":[{"embeddable":true,"href":"https:\/\/martapino.com\/es\/wp-json\/wp\/v2\/comments?post=6296"}],"version-history":[{"count":5,"href":"https:\/\/martapino.com\/es\/wp-json\/wp\/v2\/pages\/6296\/revisions"}],"predecessor-version":[{"id":6353,"href":"https:\/\/martapino.com\/es\/wp-json\/wp\/v2\/pages\/6296\/revisions\/6353"}],"wp:attachment":[{"href":"https:\/\/martapino.com\/es\/wp-json\/wp\/v2\/media?parent=6296"}],"curies":[{"name":"wp","href":"https:\/\/api.w.org\/{rel}","templated":true}]}}