{"id":6297,"date":"2023-10-08T12:27:59","date_gmt":"2023-10-08T10:27:59","guid":{"rendered":"https:\/\/martapino.com\/about\/"},"modified":"2024-02-27T14:45:12","modified_gmt":"2024-02-27T13:45:12","slug":"about","status":"publish","type":"page","link":"https:\/\/martapino.com\/es\/about\/","title":{"rendered":"Sobre mi"},"content":{"rendered":"<p>[et_pb_section fb_built=\u00bb1&#8243; custom_padding_last_edited=\u00bbon|phone\u00bb _builder_version=\u00bb4.22.2&#8243; _module_preset=\u00bbdefault\u00bb background_enable_pattern_style=\u00bbon\u00bb background_pattern_style=\u00bbdiagonal-stripes-2&#8243; background_pattern_color=\u00bbrgba(84,86,90,0.05)\u00bb custom_padding=\u00bb40px||40px||true|false\u00bb custom_padding_tablet=\u00bb40px||40px||true|false\u00bb custom_padding_phone=\u00bb20px||20px||true|false\u00bb saved_tabs=\u00bball\u00bb global_colors_info=\u00bb{}\u00bb][et_pb_row _builder_version=\u00bb4.22.2&#8243; _module_preset=\u00bbdefault\u00bb global_colors_info=\u00bb{}\u00bb][et_pb_column type=\u00bb4_4&#8243; _builder_version=\u00bb4.22.2&#8243; _module_preset=\u00bbdefault\u00bb global_colors_info=\u00bb{}\u00bb][et_pb_post_title meta=\u00bboff\u00bb featured_image=\u00bboff\u00bb _builder_version=\u00bb4.22.2&#8243; _module_preset=\u00bbdefault\u00bb title_font=\u00bb||||||||\u00bb title_text_align=\u00bbcenter\u00bb title_text_color=\u00bb#0099A8&#8243; title_font_size=\u00bb62px\u00bb title_line_height=\u00bb1.2em\u00bb custom_margin=\u00bb||0px||false|false\u00bb custom_padding=\u00bb||15px||false|false\u00bb title_font_size_tablet=\u00bb52px\u00bb title_font_size_phone=\u00bb38px\u00bb title_font_size_last_edited=\u00bbon|phone\u00bb global_colors_info=\u00bb{}\u00bb][\/et_pb_post_title][et_pb_divider color=\u00bb#54565A\u00bb _builder_version=\u00bb4.22.2&#8243; _module_preset=\u00bbdefault\u00bb width=\u00bb100px\u00bb module_alignment=\u00bbcenter\u00bb global_colors_info=\u00bb{}\u00bb][\/et_pb_divider][\/et_pb_column][\/et_pb_row][\/et_pb_section][et_pb_section fb_built=\u00bb1&#8243; _builder_version=\u00bb4.22.2&#8243; _module_preset=\u00bbdefault\u00bb global_colors_info=\u00bb{}\u00bb][et_pb_row _builder_version=\u00bb4.22.2&#8243; _module_preset=\u00bbdefault\u00bb max_width=\u00bb1000px\u00bb global_colors_info=\u00bb{}\u00bb][et_pb_column type=\u00bb4_4&#8243; _builder_version=\u00bb4.22.2&#8243; _module_preset=\u00bbdefault\u00bb global_colors_info=\u00bb{}\u00bb][et_pb_image src=\u00bbhttps:\/\/martapino.com\/wp-content\/uploads\/2023\/10\/marta-pino.jpg\u00bb alt=\u00bbMarta Pino\u00bb title_text=\u00bbMarta Pino\u00bb align=\u00bbcenter\u00bb _builder_version=\u00bb4.22.2&#8243; _module_preset=\u00bbdefault\u00bb max_width=\u00bb200px\u00bb module_alignment=\u00bbcenter\u00bb border_radii=\u00bbon|500px|500px|500px|500px\u00bb global_colors_info=\u00bb{}\u00bb][\/et_pb_image][et_pb_text _builder_version=\u00bb4.22.2&#8243; _module_preset=\u00bbdefault\u00bb text_font=\u00bb|300|||||||\u00bb text_orientation=\u00bbcenter\u00bb global_colors_info=\u00bb{}\u00bb]<\/p>\n<p>Marta Pino Moreno es ling\u00fcista y traductora con amplia y reconocida experiencia profesional. Despu\u00e9s de trabajar durante cinco a\u00f1os (1995-2000) en\u00a0la\u00a0<a href=\"http:\/\/www.rae.es\/\">Real Academia Espa\u00f1ola<\/a><span>\u00a0<\/span>como responsable de los procesos de codificaci\u00f3n y del subcorpus oral del Banco de Datos (corpus ling\u00fc\u00edsticos\u00a0<a href=\"http:\/\/www.rae.es\/recursos\/banco-de-datos\/crea\">CREA<\/a>\u00a0y\u00a0<a href=\"http:\/\/www.rae.es\/recursos\/banco-de-datos\/corde\">CORDE<\/a>\u00a0) y de doctorarse en Filolog\u00eda Hisp\u00e1nica por la\u00a0<a href=\"http:\/\/www.usc.es\/\">Universidad de Santiago<\/a><span>\u00a0<\/span>con la acreditaci\u00f3n de \u00abDoctor Europeus\u00bb, comenz\u00f3 su andadura como traductora literaria. Posteriormente se licenci\u00f3 en Traducci\u00f3n e Interpretaci\u00f3n por la\u00a0<a href=\"http:\/\/www.upf.edu\/\">Universitat Pompeu Fabra<\/a>\u00a0(2003),\u00a0obtuvo el t\u00edtulo de traductora e int\u00e9rprete jurada otorgado por el\u00a0<a href=\"http:\/\/www.exteriores.gob.es\/Portal\/es\/ServiciosAlCiudadano\/Documents\/15%2006%2001_Listado_T-IJ.pdf\">Ministerio de Asuntos Exteriores y de Cooperaci\u00f3n<\/a>\u00a0(2007) de Espa\u00f1a\u00a0y fund\u00f3 la empresa\u00a0<a href=\"http:\/\/www.qcs-sl.com\/\">QCS<\/a>.<\/p>\n<p>Paralelamente ha impartido cursos y clases en diversas instituciones (<a href=\"https:\/\/www.kuleuven.be\/\">Katholieke Universiteit Leuven<\/a>,<span>\u00a0<\/span><a href=\"http:\/\/www.fds.es\/\">Fundaci\u00f3n Duques de Soria<\/a>,<span>\u00a0<\/span><a href=\"http:\/\/www.upf.edu\/\">Universitat Pompeu Fabra<\/a>,<span>\u00a0<\/span><a href=\"http:\/\/www.aula-ee.com\/escola\/\">Aula Escola Europea<\/a>) extranjeros. Ha publicado varios trabajos de investigaci\u00f3n ling\u00fc\u00edstica y m\u00e1s de un centenar de traducciones en editoriales y museos de prestigio.<br \/>Actualmente trabaja como traductora y ling\u00fcista en su despacho del Parque Tecnol\u00f3xico de Galicia en Ourense (Espa\u00f1a), adem\u00e1s de prestar servicios ling\u00fc\u00edsticos en sus oficinas de Barcelona y Madrid. Trabaja para organizaciones internacionales y empresas de todo el mundo.<\/p>\n<p>[\/et_pb_text][\/et_pb_column][\/et_pb_row][\/et_pb_section]<\/p>\n","protected":false},"excerpt":{"rendered":"<p>Marta Pino Moreno es ling\u00fcista y traductora con amplia y reconocida experiencia profesional. Despu\u00e9s de trabajar durante cinco a\u00f1os (1995-2000) en\u00a0la\u00a0Real Academia Espa\u00f1ola\u00a0como responsable de los procesos de codificaci\u00f3n y del subcorpus oral del Banco de Datos (corpus ling\u00fc\u00edsticos\u00a0CREA\u00a0y\u00a0CORDE\u00a0) y de doctorarse en Filolog\u00eda Hisp\u00e1nica por la\u00a0Universidad de Santiago\u00a0con la acreditaci\u00f3n de \u00abDoctor Europeus\u00bb, comenz\u00f3 [&hellip;]<\/p>\n","protected":false},"author":1,"featured_media":0,"parent":0,"menu_order":0,"comment_status":"closed","ping_status":"closed","template":"","meta":{"_et_pb_use_builder":"on","_et_pb_old_content":"","_et_gb_content_width":"","footnotes":""},"class_list":["post-6297","page","type-page","status-publish","hentry"],"yoast_head":"<!-- This site is optimized with the Yoast SEO plugin v21.2 - https:\/\/yoast.com\/wordpress\/plugins\/seo\/ -->\n<title>Sobre mi - Marta Pino<\/title>\n<meta name=\"robots\" content=\"index, follow, max-snippet:-1, max-image-preview:large, max-video-preview:-1\" \/>\n<link rel=\"canonical\" href=\"https:\/\/martapino.com\/es\/about\/\" \/>\n<meta property=\"og:locale\" content=\"es_ES\" \/>\n<meta property=\"og:type\" content=\"article\" \/>\n<meta property=\"og:title\" content=\"Sobre mi - Marta Pino\" \/>\n<meta property=\"og:description\" content=\"Marta Pino Moreno es ling\u00fcista y traductora con amplia y reconocida experiencia profesional. Despu\u00e9s de trabajar durante cinco a\u00f1os (1995-2000) en\u00a0la\u00a0Real Academia Espa\u00f1ola\u00a0como responsable de los procesos de codificaci\u00f3n y del subcorpus oral del Banco de Datos (corpus ling\u00fc\u00edsticos\u00a0CREA\u00a0y\u00a0CORDE\u00a0) y de doctorarse en Filolog\u00eda Hisp\u00e1nica por la\u00a0Universidad de Santiago\u00a0con la acreditaci\u00f3n de \u00abDoctor Europeus\u00bb, comenz\u00f3 [&hellip;]\" \/>\n<meta property=\"og:url\" content=\"https:\/\/martapino.com\/es\/about\/\" \/>\n<meta property=\"og:site_name\" content=\"Marta Pino\" \/>\n<meta property=\"article:modified_time\" content=\"2024-02-27T13:45:12+00:00\" \/>\n<meta name=\"twitter:card\" content=\"summary_large_image\" \/>\n<meta name=\"twitter:label1\" content=\"Tiempo de lectura\" \/>\n\t<meta name=\"twitter:data1\" content=\"2 minutos\" \/>\n<script type=\"application\/ld+json\" class=\"yoast-schema-graph\">{\"@context\":\"https:\/\/schema.org\",\"@graph\":[{\"@type\":\"WebPage\",\"@id\":\"https:\/\/martapino.com\/es\/about\/\",\"url\":\"https:\/\/martapino.com\/es\/about\/\",\"name\":\"Sobre mi - Marta Pino\",\"isPartOf\":{\"@id\":\"https:\/\/martapino.com\/es\/#website\"},\"datePublished\":\"2023-10-08T10:27:59+00:00\",\"dateModified\":\"2024-02-27T13:45:12+00:00\",\"breadcrumb\":{\"@id\":\"https:\/\/martapino.com\/es\/about\/#breadcrumb\"},\"inLanguage\":\"es\",\"potentialAction\":[{\"@type\":\"ReadAction\",\"target\":[\"https:\/\/martapino.com\/es\/about\/\"]}]},{\"@type\":\"BreadcrumbList\",\"@id\":\"https:\/\/martapino.com\/es\/about\/#breadcrumb\",\"itemListElement\":[{\"@type\":\"ListItem\",\"position\":1,\"name\":\"Portada\",\"item\":\"https:\/\/martapino.com\/es\/\"},{\"@type\":\"ListItem\",\"position\":2,\"name\":\"Sobre mi\"}]},{\"@type\":\"WebSite\",\"@id\":\"https:\/\/martapino.com\/es\/#website\",\"url\":\"https:\/\/martapino.com\/es\/\",\"name\":\"Marta Pino\",\"description\":\"\",\"potentialAction\":[{\"@type\":\"SearchAction\",\"target\":{\"@type\":\"EntryPoint\",\"urlTemplate\":\"https:\/\/martapino.com\/es\/?s={search_term_string}\"},\"query-input\":\"required name=search_term_string\"}],\"inLanguage\":\"es\"}]}<\/script>\n<!-- \/ Yoast SEO plugin. -->","yoast_head_json":{"title":"Sobre mi - Marta Pino","robots":{"index":"index","follow":"follow","max-snippet":"max-snippet:-1","max-image-preview":"max-image-preview:large","max-video-preview":"max-video-preview:-1"},"canonical":"https:\/\/martapino.com\/es\/about\/","og_locale":"es_ES","og_type":"article","og_title":"Sobre mi - Marta Pino","og_description":"Marta Pino Moreno es ling\u00fcista y traductora con amplia y reconocida experiencia profesional. Despu\u00e9s de trabajar durante cinco a\u00f1os (1995-2000) en\u00a0la\u00a0Real Academia Espa\u00f1ola\u00a0como responsable de los procesos de codificaci\u00f3n y del subcorpus oral del Banco de Datos (corpus ling\u00fc\u00edsticos\u00a0CREA\u00a0y\u00a0CORDE\u00a0) y de doctorarse en Filolog\u00eda Hisp\u00e1nica por la\u00a0Universidad de Santiago\u00a0con la acreditaci\u00f3n de \u00abDoctor Europeus\u00bb, comenz\u00f3 [&hellip;]","og_url":"https:\/\/martapino.com\/es\/about\/","og_site_name":"Marta Pino","article_modified_time":"2024-02-27T13:45:12+00:00","twitter_card":"summary_large_image","twitter_misc":{"Tiempo de lectura":"2 minutos"},"schema":{"@context":"https:\/\/schema.org","@graph":[{"@type":"WebPage","@id":"https:\/\/martapino.com\/es\/about\/","url":"https:\/\/martapino.com\/es\/about\/","name":"Sobre mi - Marta Pino","isPartOf":{"@id":"https:\/\/martapino.com\/es\/#website"},"datePublished":"2023-10-08T10:27:59+00:00","dateModified":"2024-02-27T13:45:12+00:00","breadcrumb":{"@id":"https:\/\/martapino.com\/es\/about\/#breadcrumb"},"inLanguage":"es","potentialAction":[{"@type":"ReadAction","target":["https:\/\/martapino.com\/es\/about\/"]}]},{"@type":"BreadcrumbList","@id":"https:\/\/martapino.com\/es\/about\/#breadcrumb","itemListElement":[{"@type":"ListItem","position":1,"name":"Portada","item":"https:\/\/martapino.com\/es\/"},{"@type":"ListItem","position":2,"name":"Sobre mi"}]},{"@type":"WebSite","@id":"https:\/\/martapino.com\/es\/#website","url":"https:\/\/martapino.com\/es\/","name":"Marta Pino","description":"","potentialAction":[{"@type":"SearchAction","target":{"@type":"EntryPoint","urlTemplate":"https:\/\/martapino.com\/es\/?s={search_term_string}"},"query-input":"required name=search_term_string"}],"inLanguage":"es"}]}},"_links":{"self":[{"href":"https:\/\/martapino.com\/es\/wp-json\/wp\/v2\/pages\/6297","targetHints":{"allow":["GET"]}}],"collection":[{"href":"https:\/\/martapino.com\/es\/wp-json\/wp\/v2\/pages"}],"about":[{"href":"https:\/\/martapino.com\/es\/wp-json\/wp\/v2\/types\/page"}],"author":[{"embeddable":true,"href":"https:\/\/martapino.com\/es\/wp-json\/wp\/v2\/users\/1"}],"replies":[{"embeddable":true,"href":"https:\/\/martapino.com\/es\/wp-json\/wp\/v2\/comments?post=6297"}],"version-history":[{"count":5,"href":"https:\/\/martapino.com\/es\/wp-json\/wp\/v2\/pages\/6297\/revisions"}],"predecessor-version":[{"id":6380,"href":"https:\/\/martapino.com\/es\/wp-json\/wp\/v2\/pages\/6297\/revisions\/6380"}],"wp:attachment":[{"href":"https:\/\/martapino.com\/es\/wp-json\/wp\/v2\/media?parent=6297"}],"curies":[{"name":"wp","href":"https:\/\/api.w.org\/{rel}","templated":true}]}}