{"id":6298,"date":"2023-10-08T12:27:47","date_gmt":"2023-10-08T10:27:47","guid":{"rendered":"https:\/\/martapino.com\/editing\/"},"modified":"2024-02-27T14:34:05","modified_gmt":"2024-02-27T13:34:05","slug":"editing","status":"publish","type":"page","link":"https:\/\/martapino.com\/es\/editing\/","title":{"rendered":"Editing"},"content":{"rendered":"<p>[et_pb_section fb_built=\u00bb1&#8243; custom_padding_last_edited=\u00bbon|phone\u00bb _builder_version=\u00bb4.22.2&#8243; _module_preset=\u00bbdefault\u00bb background_enable_pattern_style=\u00bbon\u00bb background_pattern_style=\u00bbdiagonal-stripes-2&#8243; background_pattern_color=\u00bbrgba(84,86,90,0.05)\u00bb custom_padding=\u00bb40px||40px||true|false\u00bb custom_padding_tablet=\u00bb40px||40px||true|false\u00bb custom_padding_phone=\u00bb20px||20px||true|false\u00bb saved_tabs=\u00bball\u00bb global_colors_info=\u00bb{}\u00bb][et_pb_row _builder_version=\u00bb4.22.2&#8243; _module_preset=\u00bbdefault\u00bb global_colors_info=\u00bb{}\u00bb][et_pb_column type=\u00bb4_4&#8243; _builder_version=\u00bb4.22.2&#8243; _module_preset=\u00bbdefault\u00bb global_colors_info=\u00bb{}\u00bb][et_pb_post_title meta=\u00bboff\u00bb featured_image=\u00bboff\u00bb _builder_version=\u00bb4.22.2&#8243; _module_preset=\u00bbdefault\u00bb title_font=\u00bb||||||||\u00bb title_text_align=\u00bbcenter\u00bb title_text_color=\u00bb#0099A8&#8243; title_font_size=\u00bb62px\u00bb title_line_height=\u00bb1.2em\u00bb custom_margin=\u00bb||0px||false|false\u00bb custom_padding=\u00bb||15px||false|false\u00bb hover_enabled=\u00bb0&#8243; title_font_size_tablet=\u00bb52px\u00bb title_font_size_phone=\u00bb38px\u00bb title_font_size_last_edited=\u00bbon|phone\u00bb global_colors_info=\u00bb{}\u00bb sticky_enabled=\u00bb0&#8243;][\/et_pb_post_title][et_pb_divider color=\u00bb#54565A\u00bb _builder_version=\u00bb4.22.2&#8243; _module_preset=\u00bbdefault\u00bb width=\u00bb100px\u00bb module_alignment=\u00bbcenter\u00bb global_colors_info=\u00bb{}\u00bb][\/et_pb_divider][\/et_pb_column][\/et_pb_row][\/et_pb_section][et_pb_section fb_built=\u00bb1&#8243; _builder_version=\u00bb4.22.2&#8243; _module_preset=\u00bbdefault\u00bb global_colors_info=\u00bb{}\u00bb][et_pb_row column_structure=\u00bb1_2,1_2&#8243; _builder_version=\u00bb4.22.2&#8243; _module_preset=\u00bbdefault\u00bb global_colors_info=\u00bb{}\u00bb][et_pb_column type=\u00bb1_2&#8243; _builder_version=\u00bb4.22.2&#8243; _module_preset=\u00bbdefault\u00bb global_colors_info=\u00bb{}\u00bb][et_pb_text _builder_version=\u00bb4.22.2&#8243; _module_preset=\u00bbdefault\u00bb text_font=\u00bb|300|||||||\u00bb hover_enabled=\u00bb0&#8243; global_colors_info=\u00bb{}\u00bb sticky_enabled=\u00bb0&#8243;]<\/p>\n<p>En el mundo de la imagen publicitaria nada viste m\u00e1s que un texto bien escrito. Las palabras bien escogidas, correctamente engarzadas, a\u00f1aden valor a un contenido de calidad. La correcci\u00f3n ortotipogr\u00e1fica y estil\u00edstica sirve para mejorar la calidad de los textos que presentan alguna deficiencia.<\/p>\n<p>Gracias a su profundo conocimiento de la lengua espa\u00f1ola por su formaci\u00f3n como ling\u00fcista y traductora, Marta Pino ofrece un servicio pr\u00e9mium de correcci\u00f3n de los textos m\u00e1s complejos y exigentes, como tesis doctorales, art\u00edculos cient\u00edficos y libros, adem\u00e1s de revisar y perfeccionar las comunicaciones corporativas y publicitarias.<\/p>\n<p>Despu\u00e9s de examinar meticulosamente la ortograf\u00eda, el estilo, la gram\u00e1tica, el vocabulario, la terminolog\u00eda y la pragm\u00e1tica del texto, introduce las correcciones oportunas o sugiere posibles cambios. El resultado es un texto correcto, bien escrito, el perfecto envoltorio de un contenido de calidad.<\/p>\n<p>[\/et_pb_text][\/et_pb_column][et_pb_column type=\u00bb1_2&#8243; _builder_version=\u00bb4.22.2&#8243; _module_preset=\u00bbdefault\u00bb global_colors_info=\u00bb{}\u00bb][et_pb_image src=\u00bbhttps:\/\/martapino.com\/wp-content\/uploads\/2023\/10\/editing-marta-pino.jpg\u00bb alt=\u00bbEditing\u00bb title_text=\u00bbEditing\u00bb _builder_version=\u00bb4.22.2&#8243; _module_preset=\u00bbdefault\u00bb global_colors_info=\u00bb{}\u00bb][\/et_pb_image][\/et_pb_column][\/et_pb_row][\/et_pb_section]<\/p>\n","protected":false},"excerpt":{"rendered":"<p>En el mundo de la imagen publicitaria nada viste m\u00e1s que un texto bien escrito. Las palabras bien escogidas, correctamente engarzadas, a\u00f1aden valor a un contenido de calidad. La correcci\u00f3n ortotipogr\u00e1fica y estil\u00edstica sirve para mejorar la calidad de los textos que presentan alguna deficiencia. Gracias a su profundo conocimiento de la lengua espa\u00f1ola por [&hellip;]<\/p>\n","protected":false},"author":1,"featured_media":0,"parent":0,"menu_order":0,"comment_status":"closed","ping_status":"closed","template":"","meta":{"_et_pb_use_builder":"on","_et_pb_old_content":"","_et_gb_content_width":"","footnotes":""},"class_list":["post-6298","page","type-page","status-publish","hentry"],"yoast_head":"<!-- This site is optimized with the Yoast SEO plugin v21.2 - https:\/\/yoast.com\/wordpress\/plugins\/seo\/ -->\n<title>Editing - Marta Pino<\/title>\n<meta name=\"robots\" content=\"index, follow, max-snippet:-1, max-image-preview:large, max-video-preview:-1\" \/>\n<link rel=\"canonical\" href=\"https:\/\/martapino.com\/es\/editing\/\" \/>\n<meta property=\"og:locale\" content=\"es_ES\" \/>\n<meta property=\"og:type\" content=\"article\" \/>\n<meta property=\"og:title\" content=\"Editing - Marta Pino\" \/>\n<meta property=\"og:description\" content=\"En el mundo de la imagen publicitaria nada viste m\u00e1s que un texto bien escrito. Las palabras bien escogidas, correctamente engarzadas, a\u00f1aden valor a un contenido de calidad. La correcci\u00f3n ortotipogr\u00e1fica y estil\u00edstica sirve para mejorar la calidad de los textos que presentan alguna deficiencia. Gracias a su profundo conocimiento de la lengua espa\u00f1ola por [&hellip;]\" \/>\n<meta property=\"og:url\" content=\"https:\/\/martapino.com\/es\/editing\/\" \/>\n<meta property=\"og:site_name\" content=\"Marta Pino\" \/>\n<meta property=\"article:modified_time\" content=\"2024-02-27T13:34:05+00:00\" \/>\n<meta name=\"twitter:card\" content=\"summary_large_image\" \/>\n<meta name=\"twitter:label1\" content=\"Tiempo de lectura\" \/>\n\t<meta name=\"twitter:data1\" content=\"2 minutos\" \/>\n<script type=\"application\/ld+json\" class=\"yoast-schema-graph\">{\"@context\":\"https:\/\/schema.org\",\"@graph\":[{\"@type\":\"WebPage\",\"@id\":\"https:\/\/martapino.com\/es\/editing\/\",\"url\":\"https:\/\/martapino.com\/es\/editing\/\",\"name\":\"Editing - Marta Pino\",\"isPartOf\":{\"@id\":\"https:\/\/martapino.com\/es\/#website\"},\"datePublished\":\"2023-10-08T10:27:47+00:00\",\"dateModified\":\"2024-02-27T13:34:05+00:00\",\"breadcrumb\":{\"@id\":\"https:\/\/martapino.com\/es\/editing\/#breadcrumb\"},\"inLanguage\":\"es\",\"potentialAction\":[{\"@type\":\"ReadAction\",\"target\":[\"https:\/\/martapino.com\/es\/editing\/\"]}]},{\"@type\":\"BreadcrumbList\",\"@id\":\"https:\/\/martapino.com\/es\/editing\/#breadcrumb\",\"itemListElement\":[{\"@type\":\"ListItem\",\"position\":1,\"name\":\"Portada\",\"item\":\"https:\/\/martapino.com\/es\/\"},{\"@type\":\"ListItem\",\"position\":2,\"name\":\"Editing\"}]},{\"@type\":\"WebSite\",\"@id\":\"https:\/\/martapino.com\/es\/#website\",\"url\":\"https:\/\/martapino.com\/es\/\",\"name\":\"Marta Pino\",\"description\":\"\",\"potentialAction\":[{\"@type\":\"SearchAction\",\"target\":{\"@type\":\"EntryPoint\",\"urlTemplate\":\"https:\/\/martapino.com\/es\/?s={search_term_string}\"},\"query-input\":\"required name=search_term_string\"}],\"inLanguage\":\"es\"}]}<\/script>\n<!-- \/ Yoast SEO plugin. -->","yoast_head_json":{"title":"Editing - Marta Pino","robots":{"index":"index","follow":"follow","max-snippet":"max-snippet:-1","max-image-preview":"max-image-preview:large","max-video-preview":"max-video-preview:-1"},"canonical":"https:\/\/martapino.com\/es\/editing\/","og_locale":"es_ES","og_type":"article","og_title":"Editing - Marta Pino","og_description":"En el mundo de la imagen publicitaria nada viste m\u00e1s que un texto bien escrito. Las palabras bien escogidas, correctamente engarzadas, a\u00f1aden valor a un contenido de calidad. La correcci\u00f3n ortotipogr\u00e1fica y estil\u00edstica sirve para mejorar la calidad de los textos que presentan alguna deficiencia. Gracias a su profundo conocimiento de la lengua espa\u00f1ola por [&hellip;]","og_url":"https:\/\/martapino.com\/es\/editing\/","og_site_name":"Marta Pino","article_modified_time":"2024-02-27T13:34:05+00:00","twitter_card":"summary_large_image","twitter_misc":{"Tiempo de lectura":"2 minutos"},"schema":{"@context":"https:\/\/schema.org","@graph":[{"@type":"WebPage","@id":"https:\/\/martapino.com\/es\/editing\/","url":"https:\/\/martapino.com\/es\/editing\/","name":"Editing - Marta Pino","isPartOf":{"@id":"https:\/\/martapino.com\/es\/#website"},"datePublished":"2023-10-08T10:27:47+00:00","dateModified":"2024-02-27T13:34:05+00:00","breadcrumb":{"@id":"https:\/\/martapino.com\/es\/editing\/#breadcrumb"},"inLanguage":"es","potentialAction":[{"@type":"ReadAction","target":["https:\/\/martapino.com\/es\/editing\/"]}]},{"@type":"BreadcrumbList","@id":"https:\/\/martapino.com\/es\/editing\/#breadcrumb","itemListElement":[{"@type":"ListItem","position":1,"name":"Portada","item":"https:\/\/martapino.com\/es\/"},{"@type":"ListItem","position":2,"name":"Editing"}]},{"@type":"WebSite","@id":"https:\/\/martapino.com\/es\/#website","url":"https:\/\/martapino.com\/es\/","name":"Marta Pino","description":"","potentialAction":[{"@type":"SearchAction","target":{"@type":"EntryPoint","urlTemplate":"https:\/\/martapino.com\/es\/?s={search_term_string}"},"query-input":"required name=search_term_string"}],"inLanguage":"es"}]}},"_links":{"self":[{"href":"https:\/\/martapino.com\/es\/wp-json\/wp\/v2\/pages\/6298","targetHints":{"allow":["GET"]}}],"collection":[{"href":"https:\/\/martapino.com\/es\/wp-json\/wp\/v2\/pages"}],"about":[{"href":"https:\/\/martapino.com\/es\/wp-json\/wp\/v2\/types\/page"}],"author":[{"embeddable":true,"href":"https:\/\/martapino.com\/es\/wp-json\/wp\/v2\/users\/1"}],"replies":[{"embeddable":true,"href":"https:\/\/martapino.com\/es\/wp-json\/wp\/v2\/comments?post=6298"}],"version-history":[{"count":2,"href":"https:\/\/martapino.com\/es\/wp-json\/wp\/v2\/pages\/6298\/revisions"}],"predecessor-version":[{"id":6362,"href":"https:\/\/martapino.com\/es\/wp-json\/wp\/v2\/pages\/6298\/revisions\/6362"}],"wp:attachment":[{"href":"https:\/\/martapino.com\/es\/wp-json\/wp\/v2\/media?parent=6298"}],"curies":[{"name":"wp","href":"https:\/\/api.w.org\/{rel}","templated":true}]}}